{"id":1597,"date":"2024-05-01T10:54:33","date_gmt":"2024-05-01T08:54:33","guid":{"rendered":"https:\/\/flavien.saffioti.topbee.ch\/wp\/?page_id=1597"},"modified":"2024-05-01T10:58:43","modified_gmt":"2024-05-01T08:58:43","slug":"politique-de-confidentialite","status":"publish","type":"page","link":"https:\/\/flavien.saffioti.topbee.ch\/wp\/politique-de-confidentialite\/","title":{"rendered":"Politique de Confidentialit\u00e9"},"content":{"rendered":"\t\t<div data-elementor-type=\"wp-page\" data-elementor-id=\"1597\" class=\"elementor elementor-1597\">\n\t\t\t\t<div class=\"elementor-element elementor-element-d2043c4 e-flex e-con-boxed e-con e-parent\" data-id=\"d2043c4\" data-element_type=\"container\">\n\t\t\t\t\t<div class=\"e-con-inner\">\n\t\t\t\t<div class=\"elementor-element elementor-element-93b5404 elementor-widget elementor-widget-text-editor\" data-id=\"93b5404\" data-element_type=\"widget\" data-widget_type=\"text-editor.default\">\n\t\t\t\t<div class=\"elementor-widget-container\">\n\t\t\t<style>\/*! elementor - v3.21.0 - 25-04-2024 *\/\n.elementor-widget-text-editor.elementor-drop-cap-view-stacked .elementor-drop-cap{background-color:#69727d;color:#fff}.elementor-widget-text-editor.elementor-drop-cap-view-framed .elementor-drop-cap{color:#69727d;border:3px solid;background-color:transparent}.elementor-widget-text-editor:not(.elementor-drop-cap-view-default) .elementor-drop-cap{margin-top:8px}.elementor-widget-text-editor:not(.elementor-drop-cap-view-default) .elementor-drop-cap-letter{width:1em;height:1em}.elementor-widget-text-editor .elementor-drop-cap{float:left;text-align:center;line-height:1;font-size:50px}.elementor-widget-text-editor .elementor-drop-cap-letter{display:inline-block}<\/style>\t\t\t\t<p><strong>Politique de Confidentialit\u00e9<\/strong><\/p><p><strong>1. Collecte et Utilisation des Donn\u00e9es Personnelles<\/strong> Nous collectons les donn\u00e9es personnelles des utilisateurs uniquement dans le cadre de la fourniture de nos services, notamment lors de la passation de commande. Ces donn\u00e9es peuvent inclure le nom, l&rsquo;adresse e-mail, l&rsquo;adresse de livraison, le num\u00e9ro de t\u00e9l\u00e9phone, et toute autre information n\u00e9cessaire au traitement de la commande et \u00e0 la communication avec nos clients.<\/p><p><strong>2. S\u00e9curit\u00e9 des Donn\u00e9es<\/strong> Nous nous engageons \u00e0 prot\u00e9ger la confidentialit\u00e9 des donn\u00e9es personnelles de nos utilisateurs. Nous mettons en place des mesures de s\u00e9curit\u00e9 techniques et organisationnelles appropri\u00e9es pour pr\u00e9venir tout acc\u00e8s non autoris\u00e9, toute divulgation, toute alt\u00e9ration ou toute destruction des donn\u00e9es.<\/p><p><strong>3. Utilisation des Donn\u00e9es<\/strong> Les donn\u00e9es personnelles collect\u00e9es sont utilis\u00e9es dans le but de fournir nos services, de traiter les commandes, d&rsquo;assurer la livraison des produits, de r\u00e9pondre aux demandes des clients et de leur fournir des informations sur nos produits et services. Les donn\u00e9es ne sont pas utilis\u00e9es \u00e0 des fins de marketing direct sans le consentement pr\u00e9alable de l&rsquo;utilisateur.<\/p><p><strong>4. Partage des Donn\u00e9es<\/strong> Nous ne partageons pas les donn\u00e9es personnelles des utilisateurs avec des tiers, sauf dans les cas suivants :<\/p><ul><li>Lorsque cela est n\u00e9cessaire pour fournir nos services, tels que la livraison des produits par nos partenaires logistiques.<\/li><li>Lorsque nous y sommes l\u00e9galement tenus, par exemple en r\u00e9ponse \u00e0 une demande des autorit\u00e9s judiciaires ou pour nous conformer \u00e0 la loi.<\/li><\/ul><p><strong>5. Conservation des Donn\u00e9es<\/strong> Nous conservons les donn\u00e9es personnelles des utilisateurs aussi longtemps que n\u00e9cessaire pour fournir nos services et nous conformer \u00e0 nos obligations l\u00e9gales. Nous prenons des mesures pour garantir que les donn\u00e9es sont correctes, compl\u00e8tes et \u00e0 jour.<\/p><p><strong>6. Droits des Utilisateurs<\/strong> Les utilisateurs ont le droit d&rsquo;acc\u00e9der \u00e0 leurs donn\u00e9es personnelles, de les rectifier, de les supprimer ou de limiter leur traitement, conform\u00e9ment \u00e0 la l\u00e9gislation en vigueur sur la protection des donn\u00e9es. Ils peuvent \u00e9galement retirer leur consentement au traitement de leurs donn\u00e9es \u00e0 tout moment.<\/p><p><strong>7. Modifications de la Politique de Confidentialit\u00e9<\/strong> Nous nous r\u00e9servons le droit de modifier cette politique de confidentialit\u00e9 \u00e0 tout moment. Les utilisateurs seront inform\u00e9s de tout changement par le biais d&rsquo;une notification sur notre site web ou par e-mail.<\/p><p><strong>8. Contact<\/strong> Pour toute question concernant notre politique de confidentialit\u00e9 ou pour exercer leurs droits sur leurs donn\u00e9es personnelles, les utilisateurs peuvent nous contacter \u00e0 l&rsquo;adresse [adresse e-mail ou postale].<\/p>\t\t\t\t\t\t<\/div>\n\t\t\t\t<\/div>\n\t\t\t\t\t<\/div>\n\t\t\t\t<\/div>\n\t\t\t\t<\/div>\n\t\t","protected":false},"excerpt":{"rendered":"<p>Politique de Confidentialit\u00e9 1. Collecte et Utilisation des Donn\u00e9es Personnelles Nous collectons les donn\u00e9es personnelles des utilisateurs uniquement dans le cadre de la fourniture de nos services, notamment lors de la passation de commande. Ces donn\u00e9es peuvent inclure le nom, l&rsquo;adresse e-mail, l&rsquo;adresse de livraison, le num\u00e9ro de t\u00e9l\u00e9phone, et toute autre information n\u00e9cessaire au [&hellip;]<\/p>\n","protected":false},"author":1,"featured_media":0,"parent":0,"menu_order":0,"comment_status":"closed","ping_status":"closed","template":"","meta":{"footnotes":""},"class_list":["post-1597","page","type-page","status-publish","hentry","entry","owp-thumbs-layout-horizontal","owp-btn-normal","owp-tabs-layout-horizontal","has-no-thumbnails","has-product-nav"],"_links":{"self":[{"href":"https:\/\/flavien.saffioti.topbee.ch\/wp\/wp-json\/wp\/v2\/pages\/1597","targetHints":{"allow":["GET"]}}],"collection":[{"href":"https:\/\/flavien.saffioti.topbee.ch\/wp\/wp-json\/wp\/v2\/pages"}],"about":[{"href":"https:\/\/flavien.saffioti.topbee.ch\/wp\/wp-json\/wp\/v2\/types\/page"}],"author":[{"embeddable":true,"href":"https:\/\/flavien.saffioti.topbee.ch\/wp\/wp-json\/wp\/v2\/users\/1"}],"replies":[{"embeddable":true,"href":"https:\/\/flavien.saffioti.topbee.ch\/wp\/wp-json\/wp\/v2\/comments?post=1597"}],"version-history":[{"count":3,"href":"https:\/\/flavien.saffioti.topbee.ch\/wp\/wp-json\/wp\/v2\/pages\/1597\/revisions"}],"predecessor-version":[{"id":1600,"href":"https:\/\/flavien.saffioti.topbee.ch\/wp\/wp-json\/wp\/v2\/pages\/1597\/revisions\/1600"}],"wp:attachment":[{"href":"https:\/\/flavien.saffioti.topbee.ch\/wp\/wp-json\/wp\/v2\/media?parent=1597"}],"curies":[{"name":"wp","href":"https:\/\/api.w.org\/{rel}","templated":true}]}}